{"id":947,"date":"2020-08-09T10:12:18","date_gmt":"2020-08-09T10:12:18","guid":{"rendered":"http:\/\/demo.themegrill.com\/estore-pro\/?post_type=product&#038;p=696"},"modified":"2021-01-28T10:34:18","modified_gmt":"2021-01-28T10:34:18","slug":"la-colombe-n-200-aout-2020-pdf","status":"publish","type":"product","link":"https:\/\/radioespoir.ci\/lacolombe\/produit\/la-colombe-n-200-aout-2020-pdf\/","title":{"rendered":"La Colombe N\u00b0 200 \u2013 AOUT 2020 (PDF)"},"content":{"rendered":"<p>\u00ab LA COLOMBE \u00bb est un condens\u00e9 d\u2019articles riches et diversifi\u00e9s (Interviews, Reportages, Enseignements \u2026), pour \u00eatre au c\u0153ur de l\u2019actualit\u00e9 catholique, dans le monde, en Afrique, en C\u00f4te d\u2019Ivoire et surtout pour la formation des chr\u00e9tiens.<\/p>\n<p>Bulletin d\u2019Informations et de Formation du dioc\u00e8se de Grand\u2013Bassam, LA COLOMBE para\u00eet r\u00e9guli\u00e8rement depuis 1997.<\/p>\n<p>Dans ce num\u00e9ro:<\/p>\n<p><strong>* 116\u00e8Me Assembl\u00e9e Pl\u00e9ni\u00e8re de la CECCI \/ Mgr Jean Jacques KOFFI OI KOFFI :<\/strong> \u00ab nous traversons des zones de turbulences au plan politique \u00bb<\/p>\n<p><strong>* R\u00e9conciliation, Justice et Paix:<\/strong> La Lettre Pastorale de l\u2019\u00e9piscopat ivoirien \u00e0 la disposition des chr\u00e9tiens et non chr\u00e9tiens<\/p>\n<p><strong>* Dioc\u00e8se de Yamoussoukro \/ Tournage d\u2019un Film Documentaire:<\/strong> L\u2019AFEC dioc\u00e9saine promeut ses activit\u00e9s g\u00e9n\u00e9ratrices de revenus<\/p>\n<p><strong>* Archidioc\u00e8se de Bouak\u00e9 \/ 3 mois apr\u00e8s sa nomination par le Pape Fran\u00e7ois:<\/strong> Mgr Jacques AHIWA est l\u00e0!<\/p>\n<p><strong>* Dioc\u00e8se de Grand-Bassam \/ Cl\u00f4ture de l\u2019ann\u00e9e pastorale 2019-2020: Mgr AHOUA :<\/strong> \u00ab Malgr\u00e9 la COVID-19, notre foi est intacte \u00bb<\/p>\n<p><strong>* 3 questions \u00e0\u2026 p\u00e8re Jean Bonzo, vicaire g\u00e9n\u00e9ral du dioc\u00e8se de Grand-Bassam :<\/strong> \u00ab il faut savoir accueillir et vivre avec le pr\u00eatre qu&rsquo;on nous envoie. \u00bb<\/p>\n<p><strong>* Jubil\u00e9 des 125 ans d\u2019\u00e9vang\u00e9lisation de la C\u00f4te d\u2019Ivoire:<\/strong> les festivit\u00e9s pr\u00e9vues en janvier 2021<\/p>\n<p><strong>* Formation<\/strong> : Pourquoi les dogmes concernant Marie &#8211; cas particulier de l&rsquo;assomption<\/p>\n<p>&nbsp;<\/p>\n<p>Achetez, lisez et faites lire LA COLOMBE pour votre instruction spirituelle personnelle.<\/p>\n<p>&nbsp;<\/p>\n<p>&nbsp;<\/p>\n","protected":false},"excerpt":{"rendered":"<p>\u00ab LA COLOMBE \u00bb est un condens\u00e9 d\u2019articles riches et diversifi\u00e9s (Interviews, Reportages, Enseignements \u2026), pour \u00eatre au c\u0153ur de<\/p>\n","protected":false},"featured_media":2357,"comment_status":"open","ping_status":"closed","template":"","meta":[],"product_cat":[27],"product_tag":[74],"class_list":["post-947","product","type-product","status-publish","has-post-thumbnail","hentry","product_cat-version-numerique","product_tag-la-colombe-n-200-aout-2020-pdf"],"_links":{"self":[{"href":"https:\/\/radioespoir.ci\/lacolombe\/wp-json\/wp\/v2\/product\/947","targetHints":{"allow":["GET"]}}],"collection":[{"href":"https:\/\/radioespoir.ci\/lacolombe\/wp-json\/wp\/v2\/product"}],"about":[{"href":"https:\/\/radioespoir.ci\/lacolombe\/wp-json\/wp\/v2\/types\/product"}],"replies":[{"embeddable":true,"href":"https:\/\/radioespoir.ci\/lacolombe\/wp-json\/wp\/v2\/comments?post=947"}],"wp:featuredmedia":[{"embeddable":true,"href":"https:\/\/radioespoir.ci\/lacolombe\/wp-json\/wp\/v2\/media\/2357"}],"wp:attachment":[{"href":"https:\/\/radioespoir.ci\/lacolombe\/wp-json\/wp\/v2\/media?parent=947"}],"wp:term":[{"taxonomy":"product_cat","embeddable":true,"href":"https:\/\/radioespoir.ci\/lacolombe\/wp-json\/wp\/v2\/product_cat?post=947"},{"taxonomy":"product_tag","embeddable":true,"href":"https:\/\/radioespoir.ci\/lacolombe\/wp-json\/wp\/v2\/product_tag?post=947"}],"curies":[{"name":"wp","href":"https:\/\/api.w.org\/{rel}","templated":true}]}}