{"id":702,"date":"2020-11-08T12:22:56","date_gmt":"2020-11-08T12:22:56","guid":{"rendered":"http:\/\/demo.themegrill.com\/estore-pro\/?post_type=product&#038;p=702"},"modified":"2021-01-28T10:33:44","modified_gmt":"2021-01-28T10:33:44","slug":"la-colombe-n-203-nov-2020-pdf","status":"publish","type":"product","link":"https:\/\/radioespoir.ci\/lacolombe\/produit\/la-colombe-n-203-nov-2020-pdf\/","title":{"rendered":"La Colombe N\u00b0 203 \u2013 NOV 2020 (PDF)"},"content":{"rendered":"<p>\u00ab LA COLOMBE \u00bb est un condens\u00e9 d\u2019articles riches et diversifi\u00e9s (Interviews, Reportages, Enseignements \u2026), pour \u00eatre au c\u0153ur de l\u2019actualit\u00e9 catholique, dans le monde, en Afrique, en C\u00f4te d\u2019Ivoire et surtout pour la formation des chr\u00e9tiens.<\/p>\n<p>Bulletin d\u2019Informations et de Formation du dioc\u00e8se de Grand\u2013Bassam, LA COLOMBE para\u00eet r\u00e9guli\u00e8rement depuis 1997.<\/p>\n<p>Dans ce num\u00e9ro:<\/p>\n<p><strong>* Novembre \/ Mois des d\u00e9funts<\/strong>: Sortir du deuil et red\u00e9couvrir la beaut\u00e9 de la vie<\/p>\n<p><strong>* Centenaire de l\u2019Apostolat de la Mer<\/strong>: Mgr Bruno YEDO aux c\u00f4t\u00e9s \u00ab\u00a0des gens de la mer\u00a0\u00bb<\/p>\n<p><strong>* Direction de la Radio Nationale Catholique (RNC)<\/strong>: Passation de charge r\u00e9ussie entre les p\u00e8res Emile VANGAH et Herv\u00e9 YODE<\/p>\n<p><strong>* Paroisse Sainte Famille de la Riviera 2<\/strong>: Mgr Paolo BORGIA f\u00eate son premier anniversaire \u00e9piscopal<\/p>\n<p><strong>* Union des couples homosexuels<\/strong>: Ce que le Pape Fran\u00e7ois a vraiment dit<\/p>\n<p><strong>* Archidioc\u00e8se de Bouak\u00e9<\/strong>: Mgr Jacques AHIWA a ses premiers ordonn\u00e9s<\/p>\n<p><strong>* Dioc\u00e8se de Grand-Bassam \/ Mgr AHOUA<\/strong> : \u00ab Apr\u00e8s 125 ans, il faut op\u00e9rer un choix s\u00fbr celui de J\u00e9sus \u00bb<\/p>\n<p><strong>* Cath\u00e9drale Saint Esprit de MocKeyville \/ 125 ans d\u2019\u00e9vang\u00e9lisation de la C\u00f4te d\u2019Ivoire<\/strong>: 300 millions pour c\u00e9l\u00e9brer le jubil\u00e9 dans la cath\u00e9drale<\/p>\n<p><strong>* Interview \/ P\u00e8re Fran\u00e7ois Miessan<\/strong> : \u00ab ce qui change entre la gestion d\u2019une paroisse et celle d\u2019une \u00e9cole \u00bb<\/p>\n<p><strong>* Ins\u00e9curit\u00e9<\/strong>: la Paroisse NDA de Koumassi et le Sanctuaire Notre Dame de la Garde de Bonoua cambriol\u00e9s<\/p>\n<p>&nbsp;<\/p>\n<p>Achetez, lisez et faites lire LA COLOMBE pour votre instruction spirituelle personnelle.<\/p>\n<p>&nbsp;<\/p>\n<p>&nbsp;<\/p>\n","protected":false},"excerpt":{"rendered":"<p>\u00ab LA COLOMBE \u00bb est un condens\u00e9 d\u2019articles riches et diversifi\u00e9s (Interviews, Reportages, Enseignements \u2026), pour \u00eatre au c\u0153ur de<\/p>\n","protected":false},"featured_media":2341,"comment_status":"open","ping_status":"closed","template":"","meta":[],"product_cat":[27],"product_tag":[72],"class_list":["post-702","product","type-product","status-publish","has-post-thumbnail","hentry","product_cat-version-numerique","product_tag-la-colombe-n-203-nov-2020-pdf"],"_links":{"self":[{"href":"https:\/\/radioespoir.ci\/lacolombe\/wp-json\/wp\/v2\/product\/702","targetHints":{"allow":["GET"]}}],"collection":[{"href":"https:\/\/radioespoir.ci\/lacolombe\/wp-json\/wp\/v2\/product"}],"about":[{"href":"https:\/\/radioespoir.ci\/lacolombe\/wp-json\/wp\/v2\/types\/product"}],"replies":[{"embeddable":true,"href":"https:\/\/radioespoir.ci\/lacolombe\/wp-json\/wp\/v2\/comments?post=702"}],"wp:featuredmedia":[{"embeddable":true,"href":"https:\/\/radioespoir.ci\/lacolombe\/wp-json\/wp\/v2\/media\/2341"}],"wp:attachment":[{"href":"https:\/\/radioespoir.ci\/lacolombe\/wp-json\/wp\/v2\/media?parent=702"}],"wp:term":[{"taxonomy":"product_cat","embeddable":true,"href":"https:\/\/radioespoir.ci\/lacolombe\/wp-json\/wp\/v2\/product_cat?post=702"},{"taxonomy":"product_tag","embeddable":true,"href":"https:\/\/radioespoir.ci\/lacolombe\/wp-json\/wp\/v2\/product_tag?post=702"}],"curies":[{"name":"wp","href":"https:\/\/api.w.org\/{rel}","templated":true}]}}