{"id":700,"date":"2020-12-05T12:28:30","date_gmt":"2020-12-05T12:28:30","guid":{"rendered":"http:\/\/demo.themegrill.com\/estore-pro\/?post_type=product&#038;p=700"},"modified":"2021-01-28T10:32:41","modified_gmt":"2021-01-28T10:32:41","slug":"la-colombe-special-ordinations-sacerdotales-diocese-de-grand-bassam-dec-2020-pdf","status":"publish","type":"product","link":"https:\/\/radioespoir.ci\/lacolombe\/produit\/la-colombe-special-ordinations-sacerdotales-diocese-de-grand-bassam-dec-2020-pdf\/","title":{"rendered":"La Colombe SPECIAL ORDINATIONS SACERDOTALES &#8211; DIOCESE DE GRAND-BASSAM &#8211; DEC 2020 (PDF)"},"content":{"rendered":"<p>\u00ab LA COLOMBE \u00bb est un condens\u00e9 d\u2019articles riches et diversifi\u00e9s (Interviews, Reportages, Enseignements \u2026), pour \u00eatre au c\u0153ur de l\u2019actualit\u00e9 catholique, dans le monde, en Afrique, en C\u00f4te d\u2019Ivoire et surtout pour la formation des chr\u00e9tiens.<\/p>\n<p>Bulletin d\u2019Informations et de Formation du dioc\u00e8se de Grand\u2013Bassam, LA COLOMBE para\u00eet r\u00e9guli\u00e8rement depuis 1997.<\/p>\n<p>Dans ce num\u00e9ro:<\/p>\n<p><strong>* Dioc\u00e8se de Grand-Bassam<\/strong>: 6 pr\u00eatres et 15 diacres pour l\u2019\u00c9glise<\/p>\n<p><strong>* Ordination sacerdotale<\/strong> : les pr\u00eatres \u2018\u2019jubilaires\u2019\u2019 s\u2019ouvrent \u00e0 nous<\/p>\n<p><strong>* Ordination diaconale<\/strong>: 15 jeunes sur la voie du sacerdoce<\/p>\n<p>&nbsp;<\/p>\n<p>Achetez, lisez et faites lire LA COLOMBE pour votre instruction spirituelle personnelle.<\/p>\n","protected":false},"excerpt":{"rendered":"<p>\u00ab LA COLOMBE \u00bb est un condens\u00e9 d\u2019articles riches et diversifi\u00e9s (Interviews, Reportages, Enseignements \u2026), pour \u00eatre au c\u0153ur de<\/p>\n","protected":false},"featured_media":2233,"comment_status":"open","ping_status":"closed","template":"","meta":[],"product_cat":[27],"product_tag":[65],"class_list":["post-700","product","type-product","status-publish","has-post-thumbnail","hentry","product_cat-version-numerique","product_tag-la-colombe-special-ordinations-sacerdotales-diocese-de-grand-bassam-dec-2020-pdf"],"_links":{"self":[{"href":"https:\/\/radioespoir.ci\/lacolombe\/wp-json\/wp\/v2\/product\/700","targetHints":{"allow":["GET"]}}],"collection":[{"href":"https:\/\/radioespoir.ci\/lacolombe\/wp-json\/wp\/v2\/product"}],"about":[{"href":"https:\/\/radioespoir.ci\/lacolombe\/wp-json\/wp\/v2\/types\/product"}],"replies":[{"embeddable":true,"href":"https:\/\/radioespoir.ci\/lacolombe\/wp-json\/wp\/v2\/comments?post=700"}],"wp:featuredmedia":[{"embeddable":true,"href":"https:\/\/radioespoir.ci\/lacolombe\/wp-json\/wp\/v2\/media\/2233"}],"wp:attachment":[{"href":"https:\/\/radioespoir.ci\/lacolombe\/wp-json\/wp\/v2\/media?parent=700"}],"wp:term":[{"taxonomy":"product_cat","embeddable":true,"href":"https:\/\/radioespoir.ci\/lacolombe\/wp-json\/wp\/v2\/product_cat?post=700"},{"taxonomy":"product_tag","embeddable":true,"href":"https:\/\/radioespoir.ci\/lacolombe\/wp-json\/wp\/v2\/product_tag?post=700"}],"curies":[{"name":"wp","href":"https:\/\/api.w.org\/{rel}","templated":true}]}}