{"id":699,"date":"2020-11-22T12:27:05","date_gmt":"2020-11-22T12:27:05","guid":{"rendered":"http:\/\/demo.themegrill.com\/estore-pro\/?post_type=product&#038;p=699"},"modified":"2021-01-28T10:33:23","modified_gmt":"2021-01-28T10:33:23","slug":"la-colombe-special-mgr-jacques-assanvo-ahiwa-nov-2020-pdf","status":"publish","type":"product","link":"https:\/\/radioespoir.ci\/lacolombe\/produit\/la-colombe-special-mgr-jacques-assanvo-ahiwa-nov-2020-pdf\/","title":{"rendered":"La Colombe SPECIAL MGR JACQUES ASSANVO AHIWA \u2013 NOV 2020 (PDF)"},"content":{"rendered":"<p>\u00ab LA COLOMBE \u00bb est un condens\u00e9 d\u2019articles riches et diversifi\u00e9s (Interviews, Reportages, Enseignements \u2026), pour \u00eatre au c\u0153ur de l\u2019actualit\u00e9 catholique, dans le monde, en Afrique, en C\u00f4te d\u2019Ivoire et surtout pour la formation des chr\u00e9tiens.<\/p>\n<p>Bulletin d\u2019Informations et de Formation du dioc\u00e8se de Grand\u2013Bassam, LA COLOMBE para\u00eet r\u00e9guli\u00e8rement depuis 1997.<\/p>\n<p>Dans ce num\u00e9ro:<\/p>\n<p><strong>* Mgr Jacques ASSANVO AHIWA<\/strong> : Honneur au fils du dioc\u00e8se<\/p>\n<p><strong>* Mgr Jacques ASSANVO AHIWA \/ Vocation<\/strong> : Au commencement \u00e9tait un ami<\/p>\n<p><strong>* L\u2019hommage de Mgr Jacques AHIWA<\/strong> \u00e0 Nosseigneurs Paul DACOURY-TABLEY et Raymond AHOUA<\/p>\n<p><strong>* Mgr Jacques AHIWA aux dioc\u00e9sains de Grand-Bassam<\/strong> : \u00abLa pri\u00e8re des fid\u00e8les est le soutien aux bras des Pasteurs\u00bb<\/p>\n<p><strong>* Interview \/ Mgr Jacques AHIWA ASSANVO :<\/strong> \u00ab Les Pr\u00eatres et les Ev\u00eaques doivent \u00eatre soutenus par la pri\u00e8re \u00bb<\/p>\n<p><strong>* Mgr Jacques AHIWA \/ T\u00e9moignages<\/strong> de Mgr Donatien LOW N&rsquo;GUESSALI, P\u00e8res Jean Camille BATIONO, Basile DIANE, Adrien KOFFI, Sylvain BOKO\u2026<\/p>\n<p>&nbsp;<\/p>\n<p>Achetez, lisez et faites lire LA COLOMBE pour votre instruction spirituelle personnelle.<\/p>\n<p>&nbsp;<\/p>\n<p>&nbsp;<\/p>\n","protected":false},"excerpt":{"rendered":"<p>\u00ab LA COLOMBE \u00bb est un condens\u00e9 d\u2019articles riches et diversifi\u00e9s (Interviews, Reportages, Enseignements \u2026), pour \u00eatre au c\u0153ur de<\/p>\n","protected":false},"featured_media":2287,"comment_status":"open","ping_status":"closed","template":"","meta":[],"product_cat":[27],"product_tag":[67],"class_list":["post-699","product","type-product","status-publish","has-post-thumbnail","hentry","product_cat-version-numerique","product_tag-la-colombe-special-mgr-jacques-assanvo-ahiwa-nov-2020-pdf"],"_links":{"self":[{"href":"https:\/\/radioespoir.ci\/lacolombe\/wp-json\/wp\/v2\/product\/699","targetHints":{"allow":["GET"]}}],"collection":[{"href":"https:\/\/radioespoir.ci\/lacolombe\/wp-json\/wp\/v2\/product"}],"about":[{"href":"https:\/\/radioespoir.ci\/lacolombe\/wp-json\/wp\/v2\/types\/product"}],"replies":[{"embeddable":true,"href":"https:\/\/radioespoir.ci\/lacolombe\/wp-json\/wp\/v2\/comments?post=699"}],"wp:featuredmedia":[{"embeddable":true,"href":"https:\/\/radioespoir.ci\/lacolombe\/wp-json\/wp\/v2\/media\/2287"}],"wp:attachment":[{"href":"https:\/\/radioespoir.ci\/lacolombe\/wp-json\/wp\/v2\/media?parent=699"}],"wp:term":[{"taxonomy":"product_cat","embeddable":true,"href":"https:\/\/radioespoir.ci\/lacolombe\/wp-json\/wp\/v2\/product_cat?post=699"},{"taxonomy":"product_tag","embeddable":true,"href":"https:\/\/radioespoir.ci\/lacolombe\/wp-json\/wp\/v2\/product_tag?post=699"}],"curies":[{"name":"wp","href":"https:\/\/api.w.org\/{rel}","templated":true}]}}