{"id":697,"date":"2020-09-06T12:24:46","date_gmt":"2020-09-06T12:24:46","guid":{"rendered":"http:\/\/demo.themegrill.com\/estore-pro\/?post_type=product&#038;p=697"},"modified":"2021-01-28T10:34:01","modified_gmt":"2021-01-28T10:34:01","slug":"la-colombe-n-201-sept-2020-pdf","status":"publish","type":"product","link":"https:\/\/radioespoir.ci\/lacolombe\/produit\/la-colombe-n-201-sept-2020-pdf\/","title":{"rendered":"La Colombe N\u00b0 201 \u2013 SEPT 2020 (PDF)"},"content":{"rendered":"<p>\u00ab LA COLOMBE \u00bb est un condens\u00e9 d\u2019articles riches et diversifi\u00e9s (Interviews, Reportages, Enseignements \u2026), pour \u00eatre au c\u0153ur de l\u2019actualit\u00e9 catholique, dans le monde, en Afrique, en C\u00f4te d\u2019Ivoire et surtout pour la formation des chr\u00e9tiens.<\/p>\n<p>Bulletin d\u2019Informations et de Formation du dioc\u00e8se de Grand\u2013Bassam, LA COLOMBE para\u00eet r\u00e9guli\u00e8rement depuis 1997.<\/p>\n<p>Dans ce num\u00e9ro:<\/p>\n<p><strong>* Jubil\u00e9 sacerdotal du p\u00e8re Emmanuel WOHI NIN<\/strong>: 30 ans au service de Dieu et des hommes<\/p>\n<p><strong>* Dioc\u00e8se d\u2019Agboville:<\/strong> La paroisse Sacr\u00e9 C\u0153ur de N&rsquo;Douci victime d&rsquo;intox<\/p>\n<p><strong>* R\u00e9forme de l\u2019Education Catholique<\/strong>: Des acteurs du syst\u00e8me \u00e9ducatif form\u00e9s en communication<\/p>\n<p><strong>* Hommage de la Nation et de l\u2019Eglise a Mgr Pierre Marie COTY \/ Cardinal KUTWA<\/strong> : \u00ab Pierre Marie que tes paroles ne soient pas vaines pour notre pays \u00bb<\/p>\n<p><strong>* Paroisse Saint Jacques des Deux Plateaux \/ 25 ans au service du Seigneur<\/strong>: le p\u00e8re Augustin OBROU, en action de gr\u00e2ce au Tout-Puissant<\/p>\n<p><strong>* 125 ans d\u2019\u00e9vang\u00e9lisation de la C\u00f4te d\u2019ivoire<\/strong>: La ville de Grand-Bassam consacr\u00e9e au C\u0153ur immacul\u00e9 de Marie<\/p>\n<p><strong>* Sanctuaire Notre Dame de la Garde de Bonoua<\/strong>: Le 10\u00e8me anniversaire c\u00e9l\u00e9br\u00e9<\/p>\n<p><strong>* D\u00e9claration du Cardinal Jean Pierre KUTWA<\/strong> : \u2018\u2019Appel au respect du droit dans la concertation\u2019\u2019<\/p>\n<p>Achetez, lisez et faites lire LA COLOMBE pour votre instruction spirituelle personnelle.<\/p>\n<p>&nbsp;<\/p>\n<p>&nbsp;<\/p>\n","protected":false},"excerpt":{"rendered":"<p>\u00ab LA COLOMBE \u00bb est un condens\u00e9 d\u2019articles riches et diversifi\u00e9s (Interviews, Reportages, Enseignements \u2026), pour \u00eatre au c\u0153ur de<\/p>\n","protected":false},"featured_media":2315,"comment_status":"open","ping_status":"closed","template":"","meta":[],"product_cat":[27],"product_tag":[70],"class_list":["post-697","product","type-product","status-publish","has-post-thumbnail","hentry","product_cat-version-numerique","product_tag-la-colombe"],"_links":{"self":[{"href":"https:\/\/radioespoir.ci\/lacolombe\/wp-json\/wp\/v2\/product\/697","targetHints":{"allow":["GET"]}}],"collection":[{"href":"https:\/\/radioespoir.ci\/lacolombe\/wp-json\/wp\/v2\/product"}],"about":[{"href":"https:\/\/radioespoir.ci\/lacolombe\/wp-json\/wp\/v2\/types\/product"}],"replies":[{"embeddable":true,"href":"https:\/\/radioespoir.ci\/lacolombe\/wp-json\/wp\/v2\/comments?post=697"}],"wp:featuredmedia":[{"embeddable":true,"href":"https:\/\/radioespoir.ci\/lacolombe\/wp-json\/wp\/v2\/media\/2315"}],"wp:attachment":[{"href":"https:\/\/radioespoir.ci\/lacolombe\/wp-json\/wp\/v2\/media?parent=697"}],"wp:term":[{"taxonomy":"product_cat","embeddable":true,"href":"https:\/\/radioespoir.ci\/lacolombe\/wp-json\/wp\/v2\/product_cat?post=697"},{"taxonomy":"product_tag","embeddable":true,"href":"https:\/\/radioespoir.ci\/lacolombe\/wp-json\/wp\/v2\/product_tag?post=697"}],"curies":[{"name":"wp","href":"https:\/\/api.w.org\/{rel}","templated":true}]}}