{"id":696,"date":"2020-03-08T10:12:18","date_gmt":"2020-03-08T10:12:18","guid":{"rendered":"http:\/\/demo.themegrill.com\/estore-pro\/?post_type=product&#038;p=696"},"modified":"2021-01-28T10:35:08","modified_gmt":"2021-01-28T10:35:08","slug":"la-colombe-n-198-mars-2020-pdf","status":"publish","type":"product","link":"https:\/\/radioespoir.ci\/lacolombe\/produit\/la-colombe-n-198-mars-2020-pdf\/","title":{"rendered":"La Colombe N\u00b0 198 \u2013 MARS 2020 (PDF)"},"content":{"rendered":"<p>\u00ab LA COLOMBE \u00bb est un condens\u00e9 d\u2019articles riches et diversifi\u00e9s (Interviews, Reportages, Enseignements \u2026), pour \u00eatre au c\u0153ur de l\u2019actualit\u00e9 catholique, dans le monde, en Afrique, en C\u00f4te d\u2019Ivoire et surtout pour la formation des chr\u00e9tiens.<\/p>\n<p>Bulletin d\u2019Informations et de Formation du dioc\u00e8se de Grand\u2013Bassam, LA COLOMBE para\u00eet r\u00e9guli\u00e8rement depuis 1997.<\/p>\n<p>Dans ce num\u00e9ro:<\/p>\n<p><strong>* R\u00e9union du conseil Permanent des Ev\u00eaques de CERAO<\/strong> : Elections en Afrique de l\u2019Ouest au centre des travaux<\/p>\n<p><strong>* Yamoussoukro \/ Doctrine Sociale de l\u2019Eglise Catholique<\/strong>: Les agents pastoraux renforcent leur capacit\u00e9<\/p>\n<p><strong>* Syndicat National des Enseignants du Pr\u00e9scolaire et Primaire Catholique<\/strong>: Etienne Yao Kouadio reconduit pour un nouveau mandat<\/p>\n<p><strong>* Dioc\u00e8se de Grand Bassam \/ Ordination Diaconale et Sacerdotale<\/strong>: 1 diacre et 9 pr\u00eatres pour servir Dieu et son peuple<\/p>\n<p><strong>* C\u00e9l\u00e9bration des 125 ans d\u2019\u00e9vang\u00e9lisation en 2020:<\/strong> le Top d\u00e9part donn\u00e9 avec un grand concert de louange et d\u2019adoration<\/p>\n<p><strong>* Le dilemme d\u2019une double citoyennet\u00e9 :<\/strong> l\u2019\u00e9quilibre entre engagement eccl\u00e9sial et engagement socio-politique et culturel<\/p>\n<p><strong>* Secteur Koumassi \/ Ann\u00e9e de la famille:<\/strong> St Andr\u00e9 et NDA de Koumassi Prodomo ont accueilli la Croix des familles<\/p>\n<p><strong>* Temps de Car\u00eame :<\/strong> Quel p\u00e8lerinage en cette ann\u00e9e de la famille ?<\/p>\n<p>Achetez, lisez et faites lire LA COLOMBE pour votre instruction spirituelle personnelle.<\/p>\n<p>&nbsp;<\/p>\n<p>&nbsp;<\/p>\n","protected":false},"excerpt":{"rendered":"<p>\u00ab LA COLOMBE \u00bb est un condens\u00e9 d\u2019articles riches et diversifi\u00e9s (Interviews, Reportages, Enseignements \u2026), pour \u00eatre au c\u0153ur de<\/p>\n","protected":false},"featured_media":2363,"comment_status":"open","ping_status":"closed","template":"","meta":[],"product_cat":[27],"product_tag":[76],"class_list":["post-696","product","type-product","status-publish","has-post-thumbnail","hentry","product_cat-version-numerique","product_tag-la-colombe-n-198-mars-2020-pdf"],"_links":{"self":[{"href":"https:\/\/radioespoir.ci\/lacolombe\/wp-json\/wp\/v2\/product\/696","targetHints":{"allow":["GET"]}}],"collection":[{"href":"https:\/\/radioespoir.ci\/lacolombe\/wp-json\/wp\/v2\/product"}],"about":[{"href":"https:\/\/radioespoir.ci\/lacolombe\/wp-json\/wp\/v2\/types\/product"}],"replies":[{"embeddable":true,"href":"https:\/\/radioespoir.ci\/lacolombe\/wp-json\/wp\/v2\/comments?post=696"}],"wp:featuredmedia":[{"embeddable":true,"href":"https:\/\/radioespoir.ci\/lacolombe\/wp-json\/wp\/v2\/media\/2363"}],"wp:attachment":[{"href":"https:\/\/radioespoir.ci\/lacolombe\/wp-json\/wp\/v2\/media?parent=696"}],"wp:term":[{"taxonomy":"product_cat","embeddable":true,"href":"https:\/\/radioespoir.ci\/lacolombe\/wp-json\/wp\/v2\/product_cat?post=696"},{"taxonomy":"product_tag","embeddable":true,"href":"https:\/\/radioespoir.ci\/lacolombe\/wp-json\/wp\/v2\/product_tag?post=696"}],"curies":[{"name":"wp","href":"https:\/\/api.w.org\/{rel}","templated":true}]}}