{"id":2837,"date":"2022-11-06T10:10:49","date_gmt":"2022-11-06T10:10:49","guid":{"rendered":"https:\/\/radioespoir.ci\/lacolombe\/?post_type=product&#038;p=2837"},"modified":"2022-11-14T10:18:54","modified_gmt":"2022-11-14T10:18:54","slug":"la-colombe-n-225-novembre-2022-pdf","status":"publish","type":"product","link":"https:\/\/radioespoir.ci\/lacolombe\/produit\/la-colombe-n-225-novembre-2022-pdf\/","title":{"rendered":"La Colombe N\u00b0 225 \u2013 NOVEMBRE 2022 (PDF)"},"content":{"rendered":"<p>\u00ab LA COLOMBE \u00bb est un condens\u00e9 d\u2019articles riches et diversifi\u00e9s (Interviews, Reportages, Enseignements \u2026), pour<\/p>\n<p>\u00eatre au c\u0153ur de l\u2019actualit\u00e9 catholique, dans le monde, en Afrique, en C\u00f4te d\u2019Ivoire et surtout pour la<\/p>\n<p>formation des chr\u00e9tiens.<\/p>\n<p>Bulletin d\u2019Informations et de Formation du dioc\u00e8se de Grand\u2013Bassam, LA COLOMBE para\u00eet r\u00e9guli\u00e8rement depuis 1997.<\/p>\n<p style=\"text-align: center;\"><img loading=\"lazy\" decoding=\"async\" class=\"alignnone wp-image-2838 size-large\" src=\"https:\/\/radioespoir.ci\/lacolombe\/wp-content\/uploads\/2022\/11\/SOMMAIRE_La_Colombe_Numero_225_NOV_2022-446x1024.png\" alt=\"La Colombe N\u00b0 225 \u2013 NOVEMBRE 2022 (PDF)\" width=\"446\" height=\"1024\" srcset=\"https:\/\/radioespoir.ci\/lacolombe\/wp-content\/uploads\/2022\/11\/SOMMAIRE_La_Colombe_Numero_225_NOV_2022-446x1024.png 446w, https:\/\/radioespoir.ci\/lacolombe\/wp-content\/uploads\/2022\/11\/SOMMAIRE_La_Colombe_Numero_225_NOV_2022-131x300.png 131w, https:\/\/radioespoir.ci\/lacolombe\/wp-content\/uploads\/2022\/11\/SOMMAIRE_La_Colombe_Numero_225_NOV_2022-768x1764.png 768w, https:\/\/radioespoir.ci\/lacolombe\/wp-content\/uploads\/2022\/11\/SOMMAIRE_La_Colombe_Numero_225_NOV_2022-669x1536.png 669w, https:\/\/radioespoir.ci\/lacolombe\/wp-content\/uploads\/2022\/11\/SOMMAIRE_La_Colombe_Numero_225_NOV_2022-892x2048.png 892w, https:\/\/radioespoir.ci\/lacolombe\/wp-content\/uploads\/2022\/11\/SOMMAIRE_La_Colombe_Numero_225_NOV_2022-300x689.png 300w, https:\/\/radioespoir.ci\/lacolombe\/wp-content\/uploads\/2022\/11\/SOMMAIRE_La_Colombe_Numero_225_NOV_2022-600x1378.png 600w, https:\/\/radioespoir.ci\/lacolombe\/wp-content\/uploads\/2022\/11\/SOMMAIRE_La_Colombe_Numero_225_NOV_2022.png 1063w\" sizes=\"auto, (max-width: 446px) 100vw, 446px\" \/><\/p>\n<p>&nbsp;<\/p>\n<p>Achetez, lisez et faites lire LA COLOMBE pour votre instruction spirituelle personnelle.<\/p>\n","protected":false},"excerpt":{"rendered":"<p>\u00ab LA COLOMBE \u00bb est un condens\u00e9 d\u2019articles riches et diversifi\u00e9s (Interviews, Reportages, Enseignements \u2026), pour \u00eatre au c\u0153ur de<\/p>\n","protected":false},"featured_media":2840,"comment_status":"open","ping_status":"closed","template":"","meta":[],"product_cat":[27],"product_tag":[103],"class_list":["post-2837","product","type-product","status-publish","has-post-thumbnail","hentry","product_cat-version-numerique","product_tag-la-colombe-n-225-novembre-2022-pdf"],"_links":{"self":[{"href":"https:\/\/radioespoir.ci\/lacolombe\/wp-json\/wp\/v2\/product\/2837","targetHints":{"allow":["GET"]}}],"collection":[{"href":"https:\/\/radioespoir.ci\/lacolombe\/wp-json\/wp\/v2\/product"}],"about":[{"href":"https:\/\/radioespoir.ci\/lacolombe\/wp-json\/wp\/v2\/types\/product"}],"replies":[{"embeddable":true,"href":"https:\/\/radioespoir.ci\/lacolombe\/wp-json\/wp\/v2\/comments?post=2837"}],"wp:featuredmedia":[{"embeddable":true,"href":"https:\/\/radioespoir.ci\/lacolombe\/wp-json\/wp\/v2\/media\/2840"}],"wp:attachment":[{"href":"https:\/\/radioespoir.ci\/lacolombe\/wp-json\/wp\/v2\/media?parent=2837"}],"wp:term":[{"taxonomy":"product_cat","embeddable":true,"href":"https:\/\/radioespoir.ci\/lacolombe\/wp-json\/wp\/v2\/product_cat?post=2837"},{"taxonomy":"product_tag","embeddable":true,"href":"https:\/\/radioespoir.ci\/lacolombe\/wp-json\/wp\/v2\/product_tag?post=2837"}],"curies":[{"name":"wp","href":"https:\/\/api.w.org\/{rel}","templated":true}]}}