{"id":2723,"date":"2022-02-01T13:31:11","date_gmt":"2022-02-01T13:31:11","guid":{"rendered":"https:\/\/radioespoir.ci\/lacolombe\/?post_type=product&#038;p=2723"},"modified":"2022-07-26T13:44:18","modified_gmt":"2022-07-26T13:44:18","slug":"la-colombe-n-217-fevrier-2022-pdf","status":"publish","type":"product","link":"https:\/\/radioespoir.ci\/lacolombe\/produit\/la-colombe-n-217-fevrier-2022-pdf\/","title":{"rendered":"La Colombe N\u00b0 217 \u2013 FEVRIER 2022 (PDF)"},"content":{"rendered":"<p>\u00ab LA COLOMBE \u00bb est un condens\u00e9 d\u2019articles riches et diversifi\u00e9s (Interviews, Reportages, Enseignements \u2026), pour \u00eatre au c\u0153ur de l\u2019actualit\u00e9 catholique, dans le monde, en Afrique, en C\u00f4te d\u2019Ivoire et surtout pour la formation des chr\u00e9tiens.<\/p>\n<p>Bulletin d\u2019Informations et de Formation du dioc\u00e8se de Grand\u2013Bassam, LA COLOMBE para\u00eet r\u00e9guli\u00e8rement depuis 1997.<\/p>\n<p><img loading=\"lazy\" decoding=\"async\" class=\"alignnone wp-image-2724 size-large\" src=\"https:\/\/radioespoir.ci\/lacolombe\/wp-content\/uploads\/2022\/07\/SOMMAIRE_La_Colombe_Numero_217_FEV-450x1024.png\" alt=\"SOMMAIRE_La_Colombe_Numero_217_FEV\" width=\"450\" height=\"1024\" srcset=\"https:\/\/radioespoir.ci\/lacolombe\/wp-content\/uploads\/2022\/07\/SOMMAIRE_La_Colombe_Numero_217_FEV-450x1024.png 450w, https:\/\/radioespoir.ci\/lacolombe\/wp-content\/uploads\/2022\/07\/SOMMAIRE_La_Colombe_Numero_217_FEV-132x300.png 132w, https:\/\/radioespoir.ci\/lacolombe\/wp-content\/uploads\/2022\/07\/SOMMAIRE_La_Colombe_Numero_217_FEV-768x1747.png 768w, https:\/\/radioespoir.ci\/lacolombe\/wp-content\/uploads\/2022\/07\/SOMMAIRE_La_Colombe_Numero_217_FEV-675x1536.png 675w, https:\/\/radioespoir.ci\/lacolombe\/wp-content\/uploads\/2022\/07\/SOMMAIRE_La_Colombe_Numero_217_FEV-901x2048.png 901w, https:\/\/radioespoir.ci\/lacolombe\/wp-content\/uploads\/2022\/07\/SOMMAIRE_La_Colombe_Numero_217_FEV-300x682.png 300w, https:\/\/radioespoir.ci\/lacolombe\/wp-content\/uploads\/2022\/07\/SOMMAIRE_La_Colombe_Numero_217_FEV-600x1365.png 600w, https:\/\/radioespoir.ci\/lacolombe\/wp-content\/uploads\/2022\/07\/SOMMAIRE_La_Colombe_Numero_217_FEV.png 948w\" sizes=\"auto, (max-width: 450px) 100vw, 450px\" \/><\/p>\n<p>Achetez, lisez et faites lire LA COLOMBE pour votre instruction spirituelle personnelle.<\/p>\n","protected":false},"excerpt":{"rendered":"<p>\u00ab LA COLOMBE \u00bb est un condens\u00e9 d\u2019articles riches et diversifi\u00e9s (Interviews, Reportages, Enseignements \u2026), pour \u00eatre au c\u0153ur de<\/p>\n","protected":false},"featured_media":2725,"comment_status":"open","ping_status":"closed","template":"","meta":[],"product_cat":[27],"product_tag":[91],"class_list":["post-2723","product","type-product","status-publish","has-post-thumbnail","hentry","product_cat-version-numerique","product_tag-la-colombe-n-217-fevrier-2022-pdf"],"_links":{"self":[{"href":"https:\/\/radioespoir.ci\/lacolombe\/wp-json\/wp\/v2\/product\/2723","targetHints":{"allow":["GET"]}}],"collection":[{"href":"https:\/\/radioespoir.ci\/lacolombe\/wp-json\/wp\/v2\/product"}],"about":[{"href":"https:\/\/radioespoir.ci\/lacolombe\/wp-json\/wp\/v2\/types\/product"}],"replies":[{"embeddable":true,"href":"https:\/\/radioespoir.ci\/lacolombe\/wp-json\/wp\/v2\/comments?post=2723"}],"wp:featuredmedia":[{"embeddable":true,"href":"https:\/\/radioespoir.ci\/lacolombe\/wp-json\/wp\/v2\/media\/2725"}],"wp:attachment":[{"href":"https:\/\/radioespoir.ci\/lacolombe\/wp-json\/wp\/v2\/media?parent=2723"}],"wp:term":[{"taxonomy":"product_cat","embeddable":true,"href":"https:\/\/radioespoir.ci\/lacolombe\/wp-json\/wp\/v2\/product_cat?post=2723"},{"taxonomy":"product_tag","embeddable":true,"href":"https:\/\/radioespoir.ci\/lacolombe\/wp-json\/wp\/v2\/product_tag?post=2723"}],"curies":[{"name":"wp","href":"https:\/\/api.w.org\/{rel}","templated":true}]}}