{"id":2694,"date":"2022-01-02T04:45:30","date_gmt":"2022-01-02T04:45:30","guid":{"rendered":"https:\/\/radioespoir.ci\/lacolombe\/?post_type=product&#038;p=2694"},"modified":"2022-01-21T04:51:23","modified_gmt":"2022-01-21T04:51:23","slug":"la-colombe-n-216-janvier-2022-pdf","status":"publish","type":"product","link":"https:\/\/radioespoir.ci\/lacolombe\/produit\/la-colombe-n-216-janvier-2022-pdf\/","title":{"rendered":"La Colombe N\u00b0 216 \u2013 JANVIER 2022 (PDF)"},"content":{"rendered":"<p>\u00ab LA COLOMBE \u00bb est un condens\u00e9 d\u2019articles riches et diversifi\u00e9s (Interviews, Reportages, Enseignements \u2026), pour \u00eatre au c\u0153ur de l\u2019actualit\u00e9 catholique, dans le monde, en Afrique, en C\u00f4te d\u2019Ivoire et surtout pour la formation des chr\u00e9tiens.<\/p>\n<p>Bulletin d\u2019Informations et de Formation du dioc\u00e8se de Grand\u2013Bassam, LA COLOMBE para\u00eet r\u00e9guli\u00e8rement depuis 1997.<\/p>\n<p>Dans ce num\u00e9ro:<\/p>\n<p>* 55\u00e8Me Journ\u00e9e Mondiale de la Paix \/ Jean Pierre cardinal Kutw\u00e3 : \u00abLe ph\u00e9nom\u00e8ne r\u00e9current des cong\u00e9s scolaires anticip\u00e9s nous interpelle tous \u00bb<\/p>\n<p>* Man: L\u2019\u00c9v\u00eaque fait don aux prisonniers et aux nouveau-n\u00e9s<\/p>\n<p>* V\u0153ux du nouvel an 2022: ce que Ev\u00eaques et Pr\u00eatres souhaitent pour les fid\u00e8les et la nation<\/p>\n<p>* Paroisse Saint Joseph Artisan de Koumassi nord-est: Les enfants combl\u00e9s de Joie<\/p>\n<p>* Retrouvailles de fin d\u2019ann\u00e9e \u00e0 la r\u00e9sidence \u00e9piscopale: Pr\u00eatres et religieux honorent Mgr Paul Dacoury-Tabley<\/p>\n<p>* Centre Mathieu Ray de Koumassi: Le dioc\u00e8se rend hommage \u00e0 Mgr Dacoury<\/p>\n<p>* V\u0153ux du nouvel an 2022: Les dioc\u00e9sains pr\u00e9sentent leurs v\u0153ux<\/p>\n<p>Achetez, lisez et faites lire LA COLOMBE pour votre instruction spirituelle personnelle.<\/p>\n","protected":false},"excerpt":{"rendered":"<p>\u00ab LA COLOMBE \u00bb est un condens\u00e9 d\u2019articles riches et diversifi\u00e9s (Interviews, Reportages, Enseignements \u2026), pour \u00eatre au c\u0153ur de<\/p>\n","protected":false},"featured_media":2695,"comment_status":"open","ping_status":"closed","template":"","meta":[],"product_cat":[27],"product_tag":[89],"class_list":["post-2694","product","type-product","status-publish","has-post-thumbnail","hentry","product_cat-version-numerique","product_tag-la-colombe-n-216-janvier-2022-pdf"],"_links":{"self":[{"href":"https:\/\/radioespoir.ci\/lacolombe\/wp-json\/wp\/v2\/product\/2694","targetHints":{"allow":["GET"]}}],"collection":[{"href":"https:\/\/radioespoir.ci\/lacolombe\/wp-json\/wp\/v2\/product"}],"about":[{"href":"https:\/\/radioespoir.ci\/lacolombe\/wp-json\/wp\/v2\/types\/product"}],"replies":[{"embeddable":true,"href":"https:\/\/radioespoir.ci\/lacolombe\/wp-json\/wp\/v2\/comments?post=2694"}],"wp:featuredmedia":[{"embeddable":true,"href":"https:\/\/radioespoir.ci\/lacolombe\/wp-json\/wp\/v2\/media\/2695"}],"wp:attachment":[{"href":"https:\/\/radioespoir.ci\/lacolombe\/wp-json\/wp\/v2\/media?parent=2694"}],"wp:term":[{"taxonomy":"product_cat","embeddable":true,"href":"https:\/\/radioespoir.ci\/lacolombe\/wp-json\/wp\/v2\/product_cat?post=2694"},{"taxonomy":"product_tag","embeddable":true,"href":"https:\/\/radioespoir.ci\/lacolombe\/wp-json\/wp\/v2\/product_tag?post=2694"}],"curies":[{"name":"wp","href":"https:\/\/api.w.org\/{rel}","templated":true}]}}