{"id":2691,"date":"2021-12-05T04:21:43","date_gmt":"2021-12-05T04:21:43","guid":{"rendered":"https:\/\/radioespoir.ci\/lacolombe\/?post_type=product&#038;p=2691"},"modified":"2022-01-21T04:38:38","modified_gmt":"2022-01-21T04:38:38","slug":"la-colombe-n-215-decembre-2021-pdf","status":"publish","type":"product","link":"https:\/\/radioespoir.ci\/lacolombe\/produit\/la-colombe-n-215-decembre-2021-pdf\/","title":{"rendered":"La Colombe N\u00b0 215 \u2013 DECEMBRE 2021 (PDF)"},"content":{"rendered":"<p>\u00ab LA COLOMBE \u00bb est un condens\u00e9 d\u2019articles riches et diversifi\u00e9s (Interviews, Reportages, Enseignements \u2026), pour \u00eatre au c\u0153ur de l\u2019actualit\u00e9 catholique, dans le monde, en Afrique, en C\u00f4te d\u2019Ivoire et surtout pour la formation des chr\u00e9tiens.<\/p>\n<p>Bulletin d\u2019Informations et de Formation du dioc\u00e8se de Grand\u2013Bassam, LA COLOMBE para\u00eet r\u00e9guli\u00e8rement depuis 1997.<\/p>\n<p>Dans ce num\u00e9ro:<\/p>\n<p>* Conf\u00e9rence des Ev\u00eaques Catholiques de C\u00f4te d&rsquo;Ivoire: la date pour l&rsquo;entr\u00e9e en vigueur du nouveau missel romain bient\u00f4t connue<br \/>\n* Paroisse Saint Kizito de Williasmville: la paix au c\u0153ur des pr\u00e9occupations<br \/>\n* C\u00f4te D&rsquo;Ivoire: des membres de la Caritas initi\u00e9s \u00e0 l&rsquo;\u00e9laboration de politiques publiques<br \/>\n* Cath\u00e9drale St Paul du Plateau: Pari tenu pour le Festi-Eclat 2021<br \/>\n* Paroisse Saint Joseph Artisan de Koumassi nord-est: Mgr Digbeu Bl\u00e9 Constant: \u00ab\u00a0Soyons unis autour de la construction de la Cath\u00e9drale\u00a0\u00bb<br \/>\n* Aboisso (Ahigb\u00e9-KoffiKro)\/ C\u00e9l\u00e9bration de la f\u00eate du Christ-Roi: la diff\u00e9rence entre la royaut\u00e9 du Christ et celle du monde mise en exergue<br \/>\n* Paroisse Sainte Th\u00e9r\u00e8se de l&rsquo;Enfant-J\u00e9sus de Vitr\u00e9 I \/ Objectif du cur\u00e9 : \u0152uvrer pour l&rsquo;unit\u00e9 et l&rsquo;autonomie de la paroisse<\/p>\n<p>&nbsp;<\/p>\n<p>Achetez, lisez et faites lire LA COLOMBE pour votre instruction spirituelle personnelle.<\/p>\n","protected":false},"excerpt":{"rendered":"<p>\u00ab LA COLOMBE \u00bb est un condens\u00e9 d\u2019articles riches et diversifi\u00e9s (Interviews, Reportages, Enseignements \u2026), pour \u00eatre au c\u0153ur de<\/p>\n","protected":false},"featured_media":2692,"comment_status":"open","ping_status":"closed","template":"","meta":[],"product_cat":[27],"product_tag":[88],"class_list":["post-2691","product","type-product","status-publish","has-post-thumbnail","hentry","product_cat-version-numerique","product_tag-la-colombe-n-215-decembre-2021-pdf"],"_links":{"self":[{"href":"https:\/\/radioespoir.ci\/lacolombe\/wp-json\/wp\/v2\/product\/2691","targetHints":{"allow":["GET"]}}],"collection":[{"href":"https:\/\/radioespoir.ci\/lacolombe\/wp-json\/wp\/v2\/product"}],"about":[{"href":"https:\/\/radioespoir.ci\/lacolombe\/wp-json\/wp\/v2\/types\/product"}],"replies":[{"embeddable":true,"href":"https:\/\/radioespoir.ci\/lacolombe\/wp-json\/wp\/v2\/comments?post=2691"}],"wp:featuredmedia":[{"embeddable":true,"href":"https:\/\/radioespoir.ci\/lacolombe\/wp-json\/wp\/v2\/media\/2692"}],"wp:attachment":[{"href":"https:\/\/radioespoir.ci\/lacolombe\/wp-json\/wp\/v2\/media?parent=2691"}],"wp:term":[{"taxonomy":"product_cat","embeddable":true,"href":"https:\/\/radioespoir.ci\/lacolombe\/wp-json\/wp\/v2\/product_cat?post=2691"},{"taxonomy":"product_tag","embeddable":true,"href":"https:\/\/radioespoir.ci\/lacolombe\/wp-json\/wp\/v2\/product_tag?post=2691"}],"curies":[{"name":"wp","href":"https:\/\/api.w.org\/{rel}","templated":true}]}}