{"id":2616,"date":"2021-04-04T09:51:57","date_gmt":"2021-04-04T09:51:57","guid":{"rendered":"https:\/\/radioespoir.ci\/lacolombe\/?post_type=product&#038;p=2616"},"modified":"2021-04-22T10:05:29","modified_gmt":"2021-04-22T10:05:29","slug":"la-colombe-n-208-avril-2021-pdf","status":"publish","type":"product","link":"https:\/\/radioespoir.ci\/lacolombe\/produit\/la-colombe-n-208-avril-2021-pdf\/","title":{"rendered":"La Colombe N\u00b0 208 \u2013 AVRIL 2021 (PDF)"},"content":{"rendered":"<p>\u00ab LA COLOMBE \u00bb est un condens\u00e9 d\u2019articles riches et diversifi\u00e9s (Interviews, Reportages, Enseignements \u2026), pour \u00eatre au c\u0153ur de l\u2019actualit\u00e9 catholique, dans le monde, en Afrique, en C\u00f4te d\u2019Ivoire et surtout pour la formation des chr\u00e9tiens.<\/p>\n<p>Bulletin d\u2019Informations et de Formation du dioc\u00e8se de Grand\u2013Bassam, LA COLOMBE para\u00eet r\u00e9guli\u00e8rement depuis 1997.<\/p>\n<p>Dans ce num\u00e9ro:<\/p>\n<p>* <strong>Yamoussoukro \/ 118eme assembl\u00e9e pl\u00e9ni\u00e8re de la CECCI:<\/strong> Les Ev\u00eaques r\u00e9am\u00e9nagent le contenu du Congr\u00e8s du clerg\u00e9 ivoirien<br \/>\n* <strong>Mise en Place d\u2019un cadre permanent de concertation&#8230; Patronat-Syndicats:<\/strong> Vers la fin des crises au sein des Etablissements Catholiques ?<br \/>\n* <strong>Paroisse Saint Ambroise du Jubil\u00e9 d\u2019Angr\u00e9:<\/strong> Le Forum des ma\u00eetres de ch\u0153ur se souvient de ses d\u00e9funts<br \/>\n* <strong>P\u00e8lerinage du temps de Car\u00eame:<\/strong> Devoir accompli pour les journalistes et communicateurs catholiques<br \/>\n* <strong>Paroisse Saint Esprit de Mockeyville \/Messe Chrismale: Mgr AHOUA au clerg\u00e9<\/strong> : &lsquo;\u2018 N\u2019abandonnons pas notre responsabilit\u00e9 &#8230; \u00a0\u00bb<br \/>\n* <strong>Quasi paroisse saint Pierre Ap\u00f4tre \/ Formation des CEB:<\/strong> La Coordination dioc\u00e9saine veut soigner \u2018\u2019les plaies \u2018\u2019 des CEB<br \/>\n* <strong>Kodjoboue \/ Engagement des Pr\u00eatres dans la lutte contre le sida p\u00e9diatrique:<\/strong> Des \u00e9quipes eccl\u00e9siales de Sant\u00e9 sur des paroisses<br \/>\n* <strong>Temps de car\u00eame 2021:<\/strong> Les enfants aux pieds de Notre Dame de la Garde.<\/p>\n<p>Achetez, lisez et faites lire LA COLOMBE pour votre instruction spirituelle personnelle.<\/p>\n","protected":false},"excerpt":{"rendered":"<p>\u00ab LA COLOMBE \u00bb est un condens\u00e9 d\u2019articles riches et diversifi\u00e9s (Interviews, Reportages, Enseignements \u2026), pour \u00eatre au c\u0153ur de<\/p>\n","protected":false},"featured_media":2618,"comment_status":"open","ping_status":"closed","template":"","meta":[],"product_cat":[27],"product_tag":[83],"class_list":["post-2616","product","type-product","status-publish","has-post-thumbnail","hentry","product_cat-version-numerique","product_tag-la-colombe-n-208-avril-2021-pdf"],"_links":{"self":[{"href":"https:\/\/radioespoir.ci\/lacolombe\/wp-json\/wp\/v2\/product\/2616","targetHints":{"allow":["GET"]}}],"collection":[{"href":"https:\/\/radioespoir.ci\/lacolombe\/wp-json\/wp\/v2\/product"}],"about":[{"href":"https:\/\/radioespoir.ci\/lacolombe\/wp-json\/wp\/v2\/types\/product"}],"replies":[{"embeddable":true,"href":"https:\/\/radioespoir.ci\/lacolombe\/wp-json\/wp\/v2\/comments?post=2616"}],"wp:featuredmedia":[{"embeddable":true,"href":"https:\/\/radioespoir.ci\/lacolombe\/wp-json\/wp\/v2\/media\/2618"}],"wp:attachment":[{"href":"https:\/\/radioespoir.ci\/lacolombe\/wp-json\/wp\/v2\/media?parent=2616"}],"wp:term":[{"taxonomy":"product_cat","embeddable":true,"href":"https:\/\/radioespoir.ci\/lacolombe\/wp-json\/wp\/v2\/product_cat?post=2616"},{"taxonomy":"product_tag","embeddable":true,"href":"https:\/\/radioespoir.ci\/lacolombe\/wp-json\/wp\/v2\/product_tag?post=2616"}],"curies":[{"name":"wp","href":"https:\/\/api.w.org\/{rel}","templated":true}]}}