{"id":213,"date":"2020-07-05T15:13:29","date_gmt":"2020-07-05T15:13:29","guid":{"rendered":"http:\/\/demo.themegrill.com\/estore\/?post_type=product&#038;p=213"},"modified":"2021-01-28T10:34:31","modified_gmt":"2021-01-28T10:34:31","slug":"la-colombe-n-199-juil-2020-pdf","status":"publish","type":"product","link":"https:\/\/radioespoir.ci\/lacolombe\/produit\/la-colombe-n-199-juil-2020-pdf\/","title":{"rendered":"La Colombe N\u00b0 199 \u2013 JUIL 2020 (PDF)"},"content":{"rendered":"<p>\u00ab LA COLOMBE \u00bb est un condens\u00e9 d\u2019articles riches et diversifi\u00e9s (Interviews, Reportages, Enseignements \u2026), pour \u00eatre au c\u0153ur de l\u2019actualit\u00e9 catholique, dans le monde, en Afrique, en C\u00f4te d\u2019Ivoire et surtout pour la formation des chr\u00e9tiens.<\/p>\n<p>Bulletin d\u2019Informations et de Formation du dioc\u00e8se de Grand\u2013Bassam, LA COLOMBE para\u00eet r\u00e9guli\u00e8rement depuis 1997.<\/p>\n<p>Dans ce num\u00e9ro:<\/p>\n<p><strong>* Dossier \/ Crise sanitaire mondiale due au coronavirus:<\/strong> l\u2019Eglise Catholique Universelle \u00e0 l\u2019\u00e9preuve de la Covid 19<\/p>\n<p><strong>* Lutte contre la propagation du coronavirus \/ Mgr Ignace BESSI<\/strong> : \u00ab Ne raisonnons pas comme ceux qui pensent qu&rsquo;ils doivent r\u00e9pandre le virus partout \u00bb<\/p>\n<p><strong>* Archidioc\u00e8se de Gagnoa \/ Ann\u00e9e Pastorale 2020-2021:<\/strong> les affectations 2020-2021 connues<\/p>\n<p><strong>* Paroisse sainte Th\u00e9r\u00e8se de l\u2019Enfant J\u00e9sus d\u2019Assinie:<\/strong> Un vent violent d\u00e9truit une grande partie de la paroisse<\/p>\n<p><strong>* Paroisse saint Antoine de Moossou \/ Messe Chrismale:<\/strong> Mgr AHOUA \u00e0 ses dioc\u00e9sains : \u00ab Vous nous manquez ! \u00bb<\/p>\n<p><strong>* ENTRETIEN AVEC\u2026 P. Kess\u00e9 Kacou Olivier, cur\u00e9 de la paroisse NDA de Koumassi Prodomo:<\/strong> \u00ab Nous allons multiplier les messes \u00bb<\/p>\n<p><strong>* Paroisse saint Joseph Artisan (Koumassi N.E):<\/strong> Plusieurs vivres et non-vivres offerts par l&rsquo;AFC<\/p>\n<p><strong>* Formation\/ Ann\u00e9e d\u00e9di\u00e9e aux Familles:<\/strong> contempler la croix pour red\u00e9couvrir les valeurs de la famille chr\u00e9tienne<\/p>\n<p>&nbsp;<\/p>\n<p>Achetez, lisez et faites lire LA COLOMBE pour votre instruction spirituelle personnelle.<\/p>\n<p>&nbsp;<\/p>\n<p>&nbsp;<\/p>\n","protected":false},"excerpt":{"rendered":"<p>\u00ab LA COLOMBE \u00bb est un condens\u00e9 d\u2019articles riches et diversifi\u00e9s (Interviews, Reportages, Enseignements \u2026), pour \u00eatre au c\u0153ur de<\/p>\n","protected":false},"featured_media":2371,"comment_status":"open","ping_status":"closed","template":"","meta":[],"product_cat":[27],"product_tag":[78],"class_list":["post-213","product","type-product","status-publish","has-post-thumbnail","hentry","product_cat-version-numerique","product_tag-la-colombe-n-199-juil-2020-pdf"],"_links":{"self":[{"href":"https:\/\/radioespoir.ci\/lacolombe\/wp-json\/wp\/v2\/product\/213","targetHints":{"allow":["GET"]}}],"collection":[{"href":"https:\/\/radioespoir.ci\/lacolombe\/wp-json\/wp\/v2\/product"}],"about":[{"href":"https:\/\/radioespoir.ci\/lacolombe\/wp-json\/wp\/v2\/types\/product"}],"replies":[{"embeddable":true,"href":"https:\/\/radioespoir.ci\/lacolombe\/wp-json\/wp\/v2\/comments?post=213"}],"wp:featuredmedia":[{"embeddable":true,"href":"https:\/\/radioespoir.ci\/lacolombe\/wp-json\/wp\/v2\/media\/2371"}],"wp:attachment":[{"href":"https:\/\/radioespoir.ci\/lacolombe\/wp-json\/wp\/v2\/media?parent=213"}],"wp:term":[{"taxonomy":"product_cat","embeddable":true,"href":"https:\/\/radioespoir.ci\/lacolombe\/wp-json\/wp\/v2\/product_cat?post=213"},{"taxonomy":"product_tag","embeddable":true,"href":"https:\/\/radioespoir.ci\/lacolombe\/wp-json\/wp\/v2\/product_tag?post=213"}],"curies":[{"name":"wp","href":"https:\/\/api.w.org\/{rel}","templated":true}]}}